{"id":84,"date":"2022-11-26T18:54:28","date_gmt":"2022-11-26T17:54:28","guid":{"rendered":"http:\/\/www.gymnasium-schkeuditz.de\/?page_id=84"},"modified":"2022-11-26T19:07:01","modified_gmt":"2022-11-26T18:07:01","slug":"grusswort-des-schulleiters","status":"publish","type":"page","link":"https:\/\/www.gymnasium-schkeuditz.de\/?page_id=84","title":{"rendered":"Gru\u00dfwort des Schulleiters"},"content":{"rendered":"\n<p>Sehr geehrte Damen und Herren,<\/p>\n\n\n\n<p>liebe Sch\u00fclerinnen und Sch\u00fcler,<\/p>\n\n\n\n<p>herzlich Willkommen auf der Homepage des Maria \u2013 Merian \u2013 Gymnasiums Schkeuditz.<\/p>\n\n\n\n<p>Wir sind eine Schule an der Leipziger Peripherie, die sowohl durch die Gro\u00dfstadt als auch durch den l\u00e4ndlichen Raum des Landkreises Nordsachsen gepr\u00e4gt ist. Wir verbinden Tradition und Moderne, wir leben im hier und heute und haben trotzdem immer auch einen Blick in die Zukunft, in die Weiterentwicklung unseres Gymnasiums, denn wir wollen immer weiter.<\/p>\n\n\n\n<p>Die Hauptpunkte, f\u00fcr die wir als Schulgemeinschaft stehen, sind:<\/p>\n\n\n\n<ul class=\"wp-block-list\">\n<li>Soziales Miteinander<\/li>\n\n\n\n<li>Fortschritt und Technologie<\/li>\n\n\n\n<li>Nachhaltigkeit<\/li>\n<\/ul>\n\n\n\n<p>Gemeinsam mit unseren externen Partnern schaffen wir es immer wieder, dass sich unsere Schule von anderen abhebt. Wir bieten z.B. ab Klassenstufe 8 drei Profile (naturwissenschaftliches, gesellschaftswissenschaftliches, k\u00fcnstlerisches) und die dritte Fremdsprache Latein an. In der Oberstufe gibt es neben dem normalen Kursangebot z.B. auch Leistungskurse in den F\u00e4chern Physik, Biologie und Kunst. Damit ist das Gymnasium breit aufgestellt.<\/p>\n\n\n\n<p>Im Mittelpunkt steht bei uns immer der Mensch. Unsere Sch\u00fclerinnen und Sch\u00fcler werden durch ein starkes Team von P\u00e4dagoginnen und P\u00e4dagogen unterrichtet, motiviert und betreut. Auch alle anderen Mitarbeiterinnen und Mitarbeiter des Maria \u2013 Merian \u2013 Gymnasiums Schkeuditz f\u00fchlen sich unseren gemeinsamen Zielen verpflichtet. Diese Ziele werden auch durch unsere Namensgeberin, Maria Sibylla Merian, symbolisiert. Sie war eine Naturforscherin, die viele Ergebnisse ihrer Arbeit in beeindruckenden Bildern und Grafiken festgehalten hat. Ja, wir wollen forschen, wir wollen neugierig sein, wir wollen gemeinsam wachsen und die Welt entdecken.<\/p>\n\n\n\n<p>Diesen Geist werden Sie bereits wahrnehmen, wenn Sie das Gel\u00e4nde und das Geb\u00e4ude unserer Schule betreten, es gilt:<\/p>\n\n\n\n<p>Maria \u2013 Merian \u2013 Gymnasium Schkeuditz \u2013 <strong>immer eine erstklassige Wahl<\/strong>.<\/p>\n\n\n\n<p>Unsere Homepage wird Sie \/ euch nun mit weiteren wichtigen Informationen und Impressionen versorgen!<\/p>\n\n\n\n<p>Herzlichst<\/p>\n\n\n\n<p>Thomas Sch\u00f6nfeldt<\/p>\n\n\n\n<p>Schulleiter<\/p>\n\n\n\n<hr class=\"wp-block-separator has-alpha-channel-opacity is-style-default\"\/>\n\n\n\n<figure class=\"wp-block-image size-large is-resized is-style-default\" id=\"Flyer-des-MMG\"><img loading=\"lazy\" decoding=\"async\" src=\"https:\/\/www.gymnasium-schkeuditz.de\/wp-content\/uploads\/2022\/11\/flyer-innenseite-2022-1024x724.jpg\" alt=\"\" class=\"wp-image-196\" width=\"768\" height=\"543\" srcset=\"https:\/\/www.gymnasium-schkeuditz.de\/wp-content\/uploads\/2022\/11\/flyer-innenseite-2022-1024x724.jpg 1024w, https:\/\/www.gymnasium-schkeuditz.de\/wp-content\/uploads\/2022\/11\/flyer-innenseite-2022-300x212.jpg 300w, https:\/\/www.gymnasium-schkeuditz.de\/wp-content\/uploads\/2022\/11\/flyer-innenseite-2022-768x543.jpg 768w, https:\/\/www.gymnasium-schkeuditz.de\/wp-content\/uploads\/2022\/11\/flyer-innenseite-2022-1536x1086.jpg 1536w, https:\/\/www.gymnasium-schkeuditz.de\/wp-content\/uploads\/2022\/11\/flyer-innenseite-2022-2048x1448.jpg 2048w\" sizes=\"auto, (max-width: 768px) 100vw, 768px\" \/><\/figure>\n\n\n","protected":false},"excerpt":{"rendered":"<p>Sehr geehrte Damen und Herren, liebe Sch\u00fclerinnen und Sch\u00fcler, herzlich Willkommen auf der Homepage des Maria \u2013 Merian \u2013 Gymnasiums Schkeuditz. Wir sind eine Schule an der Leipziger Peripherie, die sowohl durch die Gro\u00dfstadt als auch durch den l\u00e4ndlichen Raum des Landkreises Nordsachsen gepr\u00e4gt ist. Wir verbinden Tradition und Moderne, wir leben im hier und heute und haben trotzdem immer [&hellip;]<\/p>\n","protected":false},"author":2,"featured_media":0,"parent":0,"menu_order":0,"comment_status":"closed","ping_status":"closed","template":"","meta":{"footnotes":""},"class_list":["post-84","page","type-page","status-publish","hentry"],"_links":{"self":[{"href":"https:\/\/www.gymnasium-schkeuditz.de\/index.php?rest_route=\/wp\/v2\/pages\/84","targetHints":{"allow":["GET"]}}],"collection":[{"href":"https:\/\/www.gymnasium-schkeuditz.de\/index.php?rest_route=\/wp\/v2\/pages"}],"about":[{"href":"https:\/\/www.gymnasium-schkeuditz.de\/index.php?rest_route=\/wp\/v2\/types\/page"}],"author":[{"embeddable":true,"href":"https:\/\/www.gymnasium-schkeuditz.de\/index.php?rest_route=\/wp\/v2\/users\/2"}],"replies":[{"embeddable":true,"href":"https:\/\/www.gymnasium-schkeuditz.de\/index.php?rest_route=%2Fwp%2Fv2%2Fcomments&post=84"}],"version-history":[{"count":4,"href":"https:\/\/www.gymnasium-schkeuditz.de\/index.php?rest_route=\/wp\/v2\/pages\/84\/revisions"}],"predecessor-version":[{"id":200,"href":"https:\/\/www.gymnasium-schkeuditz.de\/index.php?rest_route=\/wp\/v2\/pages\/84\/revisions\/200"}],"wp:attachment":[{"href":"https:\/\/www.gymnasium-schkeuditz.de\/index.php?rest_route=%2Fwp%2Fv2%2Fmedia&parent=84"}],"curies":[{"name":"wp","href":"https:\/\/api.w.org\/{rel}","templated":true}]}}