{"id":239,"date":"2022-11-29T18:49:52","date_gmt":"2022-11-29T17:49:52","guid":{"rendered":"http:\/\/www.gymnasium-schkeuditz.de\/?page_id=239"},"modified":"2023-04-27T16:59:32","modified_gmt":"2023-04-27T14:59:32","slug":"sprachen","status":"publish","type":"page","link":"https:\/\/www.gymnasium-schkeuditz.de\/?page_id=239","title":{"rendered":"Sprachliches Profil"},"content":{"rendered":"\n<p><strong>Englisch<\/strong> wird ab der 5.Klasse bis zum Abitur als erste Fremdsprache unterrichtet. Miteinander lernen wir nicht nur die englische Sprache, sondern erfahren interkulturelle Aspekte \u00fcber die englischsprachige Welt, deren Historie und Kultur.\u00a0<\/p>\n\n\n\n<p>Allj\u00e4hrlich beteiligen sich die Sch\u00fclerinnen und Sch\u00fcler unseres Gymnasiums am Bundeswettbewerb f\u00fcr Fremdsprachen, der Big Challenge oder unternehmen gemeinsame Sprachfahrten ins Ausland.<strong>\u00a0<\/strong><\/p>\n\n\n\n<div class=\"wp-block-media-text alignwide has-media-on-the-right is-stacked-on-mobile\" style=\"grid-template-columns:auto 16%\"><div class=\"wp-block-media-text__content\">\n<p>Ab Klassenstufe 6 kann man <strong>Franz\u00f6sisch<\/strong> oder <strong>Russisch<\/strong> als zweite Fremdsprache w\u00e4hlen und diese bis zum Abitur lernen. Traditionelle Feste und Fahrten sind Bestandteil unseres Schulkonzepts.&nbsp;<\/p>\n<\/div><figure class=\"wp-block-media-text__media\"><img loading=\"lazy\" decoding=\"async\" width=\"282\" height=\"374\" src=\"https:\/\/www.gymnasium-schkeuditz.de\/wp-content\/uploads\/2022\/11\/PetitePrince.jpg\" alt=\"\" class=\"wp-image-240 size-full\" srcset=\"https:\/\/www.gymnasium-schkeuditz.de\/wp-content\/uploads\/2022\/11\/PetitePrince.jpg 282w, https:\/\/www.gymnasium-schkeuditz.de\/wp-content\/uploads\/2022\/11\/PetitePrince-226x300.jpg 226w\" sizes=\"auto, (max-width: 282px) 100vw, 282px\" \/><\/figure><\/div>\n\n\n\n<p>Ab Klassenstufe 8 k\u00f6nnen Sprachbegeisterte eine besondere dritte Fremdsprache lernen. <strong>Latein<\/strong> hat als indogermanische Sprache eine enorme Bedeutung f\u00fcr die sprachliche und kulturelle Entwicklung Europas. In unseren Sprachkursen erf\u00e4hrt man Wissenswertes \u00fcber die Amtssprache des r\u00f6mischen Reichs und \u00fcber Redewendungen, Fach \u2013 Lehn &#8211; und Fremdw\u00f6rter, die heute noch lebendig und pr\u00e4sent sind. Der Unterricht endet mit dem Erwerb des Latinums.<\/p>\n","protected":false},"excerpt":{"rendered":"<p>Englisch wird ab der 5.Klasse bis zum Abitur als erste Fremdsprache unterrichtet. Miteinander lernen wir nicht nur die englische Sprache, sondern erfahren interkulturelle Aspekte \u00fcber die englischsprachige Welt, deren Historie und Kultur.\u00a0 Allj\u00e4hrlich beteiligen sich die Sch\u00fclerinnen und Sch\u00fcler unseres Gymnasiums am Bundeswettbewerb f\u00fcr Fremdsprachen, der Big Challenge oder unternehmen gemeinsame Sprachfahrten ins Ausland.\u00a0 Ab Klassenstufe 6 kann man Franz\u00f6sisch [&hellip;]<\/p>\n","protected":false},"author":3,"featured_media":0,"parent":0,"menu_order":0,"comment_status":"closed","ping_status":"closed","template":"","meta":{"footnotes":""},"class_list":["post-239","page","type-page","status-publish","hentry"],"_links":{"self":[{"href":"https:\/\/www.gymnasium-schkeuditz.de\/index.php?rest_route=\/wp\/v2\/pages\/239","targetHints":{"allow":["GET"]}}],"collection":[{"href":"https:\/\/www.gymnasium-schkeuditz.de\/index.php?rest_route=\/wp\/v2\/pages"}],"about":[{"href":"https:\/\/www.gymnasium-schkeuditz.de\/index.php?rest_route=\/wp\/v2\/types\/page"}],"author":[{"embeddable":true,"href":"https:\/\/www.gymnasium-schkeuditz.de\/index.php?rest_route=\/wp\/v2\/users\/3"}],"replies":[{"embeddable":true,"href":"https:\/\/www.gymnasium-schkeuditz.de\/index.php?rest_route=%2Fwp%2Fv2%2Fcomments&post=239"}],"version-history":[{"count":9,"href":"https:\/\/www.gymnasium-schkeuditz.de\/index.php?rest_route=\/wp\/v2\/pages\/239\/revisions"}],"predecessor-version":[{"id":11685,"href":"https:\/\/www.gymnasium-schkeuditz.de\/index.php?rest_route=\/wp\/v2\/pages\/239\/revisions\/11685"}],"wp:attachment":[{"href":"https:\/\/www.gymnasium-schkeuditz.de\/index.php?rest_route=%2Fwp%2Fv2%2Fmedia&parent=239"}],"curies":[{"name":"wp","href":"https:\/\/api.w.org\/{rel}","templated":true}]}}