{"id":229,"date":"2022-11-26T22:26:15","date_gmt":"2022-11-26T21:26:15","guid":{"rendered":"http:\/\/www.gymnasium-schkeuditz.de\/?page_id=229"},"modified":"2023-04-27T18:27:49","modified_gmt":"2023-04-27T16:27:49","slug":"wir-sind-aktiv-vor-ort","status":"publish","type":"page","link":"https:\/\/www.gymnasium-schkeuditz.de\/?page_id=229","title":{"rendered":"Engagiert vor Ort"},"content":{"rendered":"\n<p>Unserem Gymnasium am Rande von Leipzig bieten sich unmittelbar vor den Toren zahlreiche M\u00f6glichkeiten, in die gro\u00dfe Welt einzutauchen.<\/p>\n\n\n\n<p>Den nahegelegenen Auwald entdecken wir nicht nur, sondern wir tragen auch zu seinem Erhalt bei und nutzen ihn f\u00fcr Projekte, bei denen wir Anregungen aus der Natur f\u00fcr k\u00fcnstlerische Kreationen verwenden. Wir sch\u00e4tzen dabei die Zusammenarbeit mit der <strong>Auwaldstation<\/strong> in L\u00fctzschena ebenso wie die gemeinsamen <strong>Baumpflanzaktionen <\/strong>mit der Auenwald-Apotheke in Schkeuditz.<\/p>\n\n\n\n<p>Wir haben die M\u00f6glichkeit, mit engagierten Partnern vor Ort in die Geschichte unserer Region einzutauchen, zum Beispiel bei der Umsetzung unseres <strong>Stolpersteinprojektes<\/strong> oder durch Erkundungen im <strong>Stadtmuseum<\/strong>.<\/p>\n\n\n\n<p>Aber wir unterst\u00fctzen auch Menschen, die sich f\u00fcr andere engagieren: Allj\u00e4hrlich gehen zahlreiche Weihnachtsp\u00e4ckchen, liebevoll zusammengestellt von unseren Sch\u00fclerinnen und Sch\u00fclern, auf gro\u00dfe Reise nach Moldawien. Diese Aktion wird vom Schkeuditzer <strong>Hoffnungszentrum<\/strong> organisiert.<\/p>\n\n\n\n<p>Nicht zuletzt nutzen wir vielf\u00e4ltige M\u00f6glichkeiten der Zusammenarbeit im kulturellen und k\u00fcnstlerischen Kontext: Das Kulturhaus <strong>Sonne<\/strong>, die <strong>Sparkasse <\/strong>Schkeuditz sowie die <strong>Villa Musenkuss<\/strong> sind dabei gesch\u00e4tzte Partner.&nbsp;<\/p>\n","protected":false},"excerpt":{"rendered":"<p>Unserem Gymnasium am Rande von Leipzig bieten sich unmittelbar vor den Toren zahlreiche M\u00f6glichkeiten, in die gro\u00dfe Welt einzutauchen. Den nahegelegenen Auwald entdecken wir nicht nur, sondern wir tragen auch zu seinem Erhalt bei und nutzen ihn f\u00fcr Projekte, bei denen wir Anregungen aus der Natur f\u00fcr k\u00fcnstlerische Kreationen verwenden. Wir sch\u00e4tzen dabei die Zusammenarbeit mit der Auwaldstation in L\u00fctzschena [&hellip;]<\/p>\n","protected":false},"author":2,"featured_media":0,"parent":0,"menu_order":0,"comment_status":"closed","ping_status":"closed","template":"","meta":{"footnotes":""},"class_list":["post-229","page","type-page","status-publish","hentry"],"_links":{"self":[{"href":"https:\/\/www.gymnasium-schkeuditz.de\/index.php?rest_route=\/wp\/v2\/pages\/229","targetHints":{"allow":["GET"]}}],"collection":[{"href":"https:\/\/www.gymnasium-schkeuditz.de\/index.php?rest_route=\/wp\/v2\/pages"}],"about":[{"href":"https:\/\/www.gymnasium-schkeuditz.de\/index.php?rest_route=\/wp\/v2\/types\/page"}],"author":[{"embeddable":true,"href":"https:\/\/www.gymnasium-schkeuditz.de\/index.php?rest_route=\/wp\/v2\/users\/2"}],"replies":[{"embeddable":true,"href":"https:\/\/www.gymnasium-schkeuditz.de\/index.php?rest_route=%2Fwp%2Fv2%2Fcomments&post=229"}],"version-history":[{"count":6,"href":"https:\/\/www.gymnasium-schkeuditz.de\/index.php?rest_route=\/wp\/v2\/pages\/229\/revisions"}],"predecessor-version":[{"id":11689,"href":"https:\/\/www.gymnasium-schkeuditz.de\/index.php?rest_route=\/wp\/v2\/pages\/229\/revisions\/11689"}],"wp:attachment":[{"href":"https:\/\/www.gymnasium-schkeuditz.de\/index.php?rest_route=%2Fwp%2Fv2%2Fmedia&parent=229"}],"curies":[{"name":"wp","href":"https:\/\/api.w.org\/{rel}","templated":true}]}}