{"id":222,"date":"2022-11-26T22:18:53","date_gmt":"2022-11-26T21:18:53","guid":{"rendered":"http:\/\/www.gymnasium-schkeuditz.de\/?page_id=222"},"modified":"2023-01-07T17:58:11","modified_gmt":"2023-01-07T16:58:11","slug":"individuelle-lernwege-staerken-foerdern-fordern","status":"publish","type":"page","link":"https:\/\/www.gymnasium-schkeuditz.de\/?page_id=222","title":{"rendered":"Individuelle Lernwege st\u00e4rken: F\u00f6rdern &amp; Fordern"},"content":{"rendered":"\n<p>Zur <strong>F\u00f6rderung von Lerntechniken<\/strong> wird in der Klassenstufe 5 das \u201e<strong>Lernen lernen<\/strong>\u201c durch die Klassenleiter im Unterricht eingebaut. \u00dcber das <strong>GTA-Angebot<\/strong> werden Sch\u00fcler <strong>individuell gef\u00f6rdert und gefordert<\/strong>. Dar\u00fcber hinaus wird es jedem interessierten Sch\u00fcler erm\u00f6glicht, an <strong>Wettbewerben und Olympiaden<\/strong> teilzunehmen. <strong>Inklusion<\/strong> erfolgt <strong>\u00fcber die Klassenlehrer<\/strong> <strong>und <\/strong>speziell betreuende <strong>Fachlehrer<\/strong>, dazu dienen auch Festlegungen von Nachteilsausgleichen. \u00dcber spezielle Stunden \u201e<strong>Deutsch als Zweitsprache<\/strong>\u201c werden Sch\u00fcler gef\u00f6rdert, deren Muttersprache nicht Deutsch ist.<\/p>\n\n\n\n<p> <\/p>\n","protected":false},"excerpt":{"rendered":"<p>Zur F\u00f6rderung von Lerntechniken wird in der Klassenstufe 5 das \u201eLernen lernen\u201c durch die Klassenleiter im Unterricht eingebaut. \u00dcber das GTA-Angebot werden Sch\u00fcler individuell gef\u00f6rdert und gefordert. Dar\u00fcber hinaus wird es jedem interessierten Sch\u00fcler erm\u00f6glicht, an Wettbewerben und Olympiaden teilzunehmen. Inklusion erfolgt \u00fcber die Klassenlehrer und speziell betreuende Fachlehrer, dazu dienen auch Festlegungen von Nachteilsausgleichen. \u00dcber spezielle Stunden \u201eDeutsch als [&hellip;]<\/p>\n","protected":false},"author":2,"featured_media":0,"parent":0,"menu_order":0,"comment_status":"closed","ping_status":"closed","template":"","meta":{"footnotes":""},"class_list":["post-222","page","type-page","status-publish","hentry"],"_links":{"self":[{"href":"https:\/\/www.gymnasium-schkeuditz.de\/index.php?rest_route=\/wp\/v2\/pages\/222","targetHints":{"allow":["GET"]}}],"collection":[{"href":"https:\/\/www.gymnasium-schkeuditz.de\/index.php?rest_route=\/wp\/v2\/pages"}],"about":[{"href":"https:\/\/www.gymnasium-schkeuditz.de\/index.php?rest_route=\/wp\/v2\/types\/page"}],"author":[{"embeddable":true,"href":"https:\/\/www.gymnasium-schkeuditz.de\/index.php?rest_route=\/wp\/v2\/users\/2"}],"replies":[{"embeddable":true,"href":"https:\/\/www.gymnasium-schkeuditz.de\/index.php?rest_route=%2Fwp%2Fv2%2Fcomments&post=222"}],"version-history":[{"count":4,"href":"https:\/\/www.gymnasium-schkeuditz.de\/index.php?rest_route=\/wp\/v2\/pages\/222\/revisions"}],"predecessor-version":[{"id":11363,"href":"https:\/\/www.gymnasium-schkeuditz.de\/index.php?rest_route=\/wp\/v2\/pages\/222\/revisions\/11363"}],"wp:attachment":[{"href":"https:\/\/www.gymnasium-schkeuditz.de\/index.php?rest_route=%2Fwp%2Fv2%2Fmedia&parent=222"}],"curies":[{"name":"wp","href":"https:\/\/api.w.org\/{rel}","templated":true}]}}