{"id":12722,"date":"2025-01-19T16:23:27","date_gmt":"2025-01-19T15:23:27","guid":{"rendered":"https:\/\/www.gymnasium-schkeuditz.de\/?page_id=12722"},"modified":"2025-01-19T19:54:09","modified_gmt":"2025-01-19T18:54:09","slug":"fit-in-die-zukunft","status":"publish","type":"page","link":"https:\/\/www.gymnasium-schkeuditz.de\/?page_id=12722","title":{"rendered":"Fit in die Zukunft"},"content":{"rendered":"\n<p>Liebe Sch\u00fclerinnen und Sch\u00fcler, liebe Eltern,<br>liebe Kolleginnen und Kollegen,<\/p>\n\n\n\n<p>der Schulalltag kann in vielerlei Hinsicht eine Herausforderung darstellen. So k\u00f6nnen Themen wie das Lernen, Verhalten oder private Angelegenheiten Schwierigkeiten mit sich bringen. Wir als Beratungslehrerinnen stehen Euch und Ihnen f\u00fcr Gespr\u00e4che zur Verf\u00fcgung, um gemeinsame L\u00f6sungsans\u00e4tze zu finden. Unsere Arbeit beruht auf den Prinzipien der Vertraulichkeit und des Einverst\u00e4ndnis.<\/p>\n\n\n\n<p>Hier sind einige der Themen, bei denen ihr\/ Sie auf unsere Unterst\u00fctzung z\u00e4hlen k\u00f6nnt\/ k\u00f6nnen:<\/p>\n\n\n\n<p><strong>Themen<\/strong><\/p>\n\n\n\n<ul class=\"wp-block-list\">\n<li>Lern- und Verhaltensfragen<\/li>\n\n\n\n<li>Schullaufbahnberatung<\/li>\n\n\n\n<li>Pr\u00e4vention in den Bereichen Sucht, Gewalt und Umgang mit sozialen Medien<\/li>\n<\/ul>\n\n\n\n<hr class=\"wp-block-separator has-alpha-channel-opacity\"\/>\n\n\n\n<h4 class=\"wp-block-heading\">Kontaktaufnahme:<\/h4>\n\n\n\n<p>Ihr\/ Sie k\u00f6nnt uns immer unter den folgenden E-Mail-Adressen kontaktieren. Ebenfalls k\u00f6nnt ihr uns in der Schule ansprechen oder eine Nachricht in unsere F\u00e4cher im Lehrerzimmer legen (lassen).<\/p>\n\n\n\n<h4 class=\"wp-block-heading\">Martina Barth&nbsp;<\/h4>\n\n\n\n<ul class=\"wp-block-list\">\n<li>Beratungslehrerin, Fachlehrerin f\u00fcr Deutsch und Kunst<\/li>\n\n\n\n<li>m.barth@gymnasium-schkeuditz.de<\/li>\n<\/ul>\n\n\n\n<p><\/p>\n\n\n\n<p>Aufgabenbereiche:<\/p>\n\n\n\n<ul class=\"wp-block-list\">\n<li>Schullaufbahnberatung<\/li>\n\n\n\n<li>Berufs- und Studienberatung in Zusammenarbeit mit Sandra Janssen, Studienberaterin f\u00fcr unser Gymnasium am BIZ (Berufsinformationszentrum) Delitzsch<\/li>\n\n\n\n<li>Organisation der Informationsveranstaltungen (Elternabende und Veranstaltungen f\u00fcr Sch\u00fcler und Sch\u00fclerinnen): Wege nach dem Abitur (Kl. 11),\u00a0Wege nach Klasse 10 (Kl. 9), Duales Studium (Kl. 11)<\/li>\n\n\n\n<li>Aktualisierung der Angebote zu Studienpl\u00e4tzen und Ausbildung auf LernSax\/ MMG, Ordner Berufsberatung<\/li>\n<\/ul>\n\n\n\n<p><\/p>\n\n\n\n<h4 class=\"wp-block-heading\">Annika Eichst\u00e4dt&nbsp;<\/h4>\n\n\n\n<ul class=\"wp-block-list\">\n<li>Beratungslehrerin, Fachlehrerin f\u00fcr Deutsch und Sport<\/li>\n\n\n\n<li>a.eichstaedt@gymnasium-schkeuditz.de&nbsp;<\/li>\n<\/ul>\n\n\n\n<p><\/p>\n\n\n\n<p>Aufgabenbereiche:<\/p>\n\n\n\n<ul class=\"wp-block-list\">\n<li>Schullaufbahnberatung<\/li>\n\n\n\n<li>Inklusionsbeauftragte<\/li>\n\n\n\n<li>Antragstellung LRS-Testung<\/li>\n\n\n\n<li>Organisation Pr\u00e4ventionsma\u00dfnahmen in Zusammenarbeit mit der Polizei\u00a0f\u00fcr Klasse 5-7<\/li>\n\n\n\n<li>Aktualisierung der Informationen auf LernSax\/MMG<\/li>\n<\/ul>\n\n\n\n<p><\/p>\n","protected":false},"excerpt":{"rendered":"<p>Liebe Sch\u00fclerinnen und Sch\u00fcler, liebe Eltern,liebe Kolleginnen und Kollegen, der Schulalltag kann in vielerlei Hinsicht eine Herausforderung darstellen. So k\u00f6nnen Themen wie das Lernen, Verhalten oder private Angelegenheiten Schwierigkeiten mit sich bringen. Wir als Beratungslehrerinnen stehen Euch und Ihnen f\u00fcr Gespr\u00e4che zur Verf\u00fcgung, um gemeinsame L\u00f6sungsans\u00e4tze zu finden. Unsere Arbeit beruht auf den Prinzipien der Vertraulichkeit und des Einverst\u00e4ndnis. Hier [&hellip;]<\/p>\n","protected":false},"author":2,"featured_media":0,"parent":0,"menu_order":0,"comment_status":"closed","ping_status":"closed","template":"","meta":{"footnotes":""},"class_list":["post-12722","page","type-page","status-publish","hentry"],"_links":{"self":[{"href":"https:\/\/www.gymnasium-schkeuditz.de\/index.php?rest_route=\/wp\/v2\/pages\/12722","targetHints":{"allow":["GET"]}}],"collection":[{"href":"https:\/\/www.gymnasium-schkeuditz.de\/index.php?rest_route=\/wp\/v2\/pages"}],"about":[{"href":"https:\/\/www.gymnasium-schkeuditz.de\/index.php?rest_route=\/wp\/v2\/types\/page"}],"author":[{"embeddable":true,"href":"https:\/\/www.gymnasium-schkeuditz.de\/index.php?rest_route=\/wp\/v2\/users\/2"}],"replies":[{"embeddable":true,"href":"https:\/\/www.gymnasium-schkeuditz.de\/index.php?rest_route=%2Fwp%2Fv2%2Fcomments&post=12722"}],"version-history":[{"count":21,"href":"https:\/\/www.gymnasium-schkeuditz.de\/index.php?rest_route=\/wp\/v2\/pages\/12722\/revisions"}],"predecessor-version":[{"id":12745,"href":"https:\/\/www.gymnasium-schkeuditz.de\/index.php?rest_route=\/wp\/v2\/pages\/12722\/revisions\/12745"}],"wp:attachment":[{"href":"https:\/\/www.gymnasium-schkeuditz.de\/index.php?rest_route=%2Fwp%2Fv2%2Fmedia&parent=12722"}],"curies":[{"name":"wp","href":"https:\/\/api.w.org\/{rel}","templated":true}]}}