{"id":119,"date":"2022-11-26T22:27:38","date_gmt":"2022-11-26T21:27:38","guid":{"rendered":"http:\/\/www.gymnasium-schkeuditz.de\/?page_id=119"},"modified":"2023-04-27T16:22:40","modified_gmt":"2023-04-27T14:22:40","slug":"fachbereich-sport","status":"publish","type":"page","link":"https:\/\/www.gymnasium-schkeuditz.de\/?page_id=119","title":{"rendered":"Fachbereich Sport"},"content":{"rendered":"\n<h2 class=\"alignwide has-large-font-size wp-block-heading\"><strong>\u201eSport frei\u201c am Maria-Merian-Gymnasium Schkeuditz<\/strong><\/h2>\n\n\n\n<h2 class=\"has-medium-font-size wp-block-heading\"><strong>Das Team der Fachschaft Sport<\/strong><\/h2>\n\n\n\n<p>Die Fachschaft Sport besteht derzeit aus 6 Sportlehrerinnen und Sportlehrern, die ihre Begeisterung f\u00fcr das Fach Sport mit viel Engagement an die Sch\u00fcler weitergeben wollen. Unterst\u00fctzt werden wir dabei auch von Referendaren, die ebenfalls mit vielen neuen Ideen zum sportlichen Leben beitragen.<\/p>\n\n\n<div class=\"wp-block-image\">\n<figure class=\"aligncenter size-full is-resized\"><img loading=\"lazy\" decoding=\"async\" src=\"https:\/\/www.gymnasium-schkeuditz.de\/wp-content\/uploads\/2022\/11\/Logo_sport.jpg\" alt=\"\" class=\"wp-image-120\" width=\"608\" height=\"153\" srcset=\"https:\/\/www.gymnasium-schkeuditz.de\/wp-content\/uploads\/2022\/11\/Logo_sport.jpg 906w, https:\/\/www.gymnasium-schkeuditz.de\/wp-content\/uploads\/2022\/11\/Logo_sport-300x75.jpg 300w, https:\/\/www.gymnasium-schkeuditz.de\/wp-content\/uploads\/2022\/11\/Logo_sport-768x193.jpg 768w\" sizes=\"auto, (max-width: 608px) 100vw, 608px\" \/><\/figure>\n<\/div>\n\n\n<h2 class=\"has-medium-font-size wp-block-heading\">Wo wir arbeiten:<\/h2>\n\n\n\n<p>Unsere Schule verf\u00fcgt \u00fcber gro\u00dfz\u00fcgige und moderne Sportanlagen. Hervorzuheben ist unsere gro\u00dfe, sehr gut ausgestattete Dreifelderhalle, die wir seit 2014 gemeinsam mit der benachbarten Grundschule nutzen. Ebenfalls direkt am Schulgel\u00e4nde befindet sich unsere Au\u00dfensportanlage, die wir vor allem f\u00fcr die Leichtathletik, aber auch f\u00fcr viele andere sportliche Aktivit\u00e4ten w\u00e4hrend und au\u00dferhalb der Schulzeit nutzen. Au\u00dferdem ist f\u00fcr uns der Weg in die \u201eAue\u201c nicht weit und so k\u00f6nnen wir mit den Kindern und Jugendlichen auch Sport und Natur verbinden.<\/p>\n\n\n\n<h2 class=\"has-medium-font-size wp-block-heading\">Was wir m\u00f6chten:<\/h2>\n\n\n\n<p>Als einziges Bewegungsfach bietet der Sportunterricht besondere Erziehungschancen und will<\/p>\n\n\n\n<ul class=\"wp-block-list\">\n<li>die Freude an der Bewegung und am Sport dauerhaft erhalten und f\u00f6rdern als wesentliche Voraussetzungen f\u00fcr eine langfristige Bindung an gesundheitsrelevante sportliche Aktivit\u00e4ten;<\/li>\n<\/ul>\n\n\n\n<ul class=\"wp-block-list\">\n<li>ein von Fairness gepr\u00e4gtes Sozialverhalten, den konstruktiven Umgang mit Konflikten und Problemen und die Entwicklung von L\u00f6sungsstrategien im Team f\u00f6rdern;<\/li>\n<\/ul>\n\n\n\n<ul class=\"wp-block-list\">\n<li>ein positives Selbstkonzept entwickeln helfen, in dem Erfolgszuversicht, aber auch der Umgang mit Misserfolgen, Leistungsbereitschaft und Durchhalteverm\u00f6gen verankert sind.<\/li>\n<\/ul>\n\n\n\n<p>Die Sch\u00fclerinnen und Sch\u00fcler sollen im Sportunterricht<\/p>\n\n\n\n<ul class=\"wp-block-list\">\n<li>lernen, angemessene Arbeits-, Gespr\u00e4chs- und Kooperationstechniken zur gemeinsamen L\u00f6sung von Aufgaben anzuwenden.<\/li>\n<\/ul>\n\n\n\n<ul class=\"wp-block-list\">\n<li>in die Lage versetzt werden, dauerhaft Verantwortung f\u00fcr die eigene sportliche und k\u00f6rperliche Entwicklung zu \u00fcbernehmen.<\/li>\n<\/ul>\n\n\n\n<ul class=\"wp-block-list\">\n<li>lernen, wie sie mit Unsicherheit, Furcht und Angst umgehen und diese auch \u00fcberwinden k\u00f6nnen.&nbsp;<\/li>\n<\/ul>\n\n\n\n<h2 class=\"has-medium-font-size wp-block-heading\">Wie wir unterrichten:<\/h2>\n\n\n\n<p>In der Sekundarstufe I werden die Sch\u00fclerinnen und Sch\u00fcler spielerisch Schritt f\u00fcr Schritt, auf der Grundlage der allgemeinen motorischen Grundlagen, an die klassischen Sportarten herangef\u00fchrt. Dazu z\u00e4hlen solche Sportarten wie Leichtathletik, Turnen oder auch die Spielsportarten Volleyball, Basketball und Badminton. Kombiniert werden diese u.a. mit Fitness\/HIIT, Tischtennis, Floorball und allem, was au\u00dferdem noch Spa\u00df macht; so zum Beispiel Catch Me, Street Racket, Parkour.<\/p>\n\n\n\n<p>In der Sekundarstufe II k\u00f6nnen sich die Sch\u00fclerinnen und Sch\u00fcler hinsichtlich der angebotenen Sportarten in Kursen spezialisieren.<\/p>\n\n\n\n<p>Entsprechend den aktuell g\u00fcltigen Lehrpl\u00e4nen und unseren Stoffverteilungspl\u00e4nen werden die Sch\u00fclerinnen und Sch\u00fcler halbj\u00e4hrlich wechselnd in den Sportarten Leichtathletik, Ger\u00e4tturnen, Gymnastik\/Tanz, Basketball, Handball, Volleyball, Badminton, Selbstverteidigung\/Zweikampf und vielen mehr unterrichtet.<\/p>\n\n\n\n<h2 class=\"has-medium-font-size wp-block-heading\"><strong>Was wir zus\u00e4tzlich bieten:<\/strong><\/h2>\n\n\n\n<div class=\"wp-block-media-text is-stacked-on-mobile\" style=\"grid-template-columns:45% auto\"><figure class=\"wp-block-media-text__media\"><img loading=\"lazy\" decoding=\"async\" width=\"495\" height=\"400\" src=\"https:\/\/www.gymnasium-schkeuditz.de\/wp-content\/uploads\/2022\/11\/20181004_113727-495x400-1.jpg\" alt=\"\" class=\"wp-image-243 size-full\" srcset=\"https:\/\/www.gymnasium-schkeuditz.de\/wp-content\/uploads\/2022\/11\/20181004_113727-495x400-1.jpg 495w, https:\/\/www.gymnasium-schkeuditz.de\/wp-content\/uploads\/2022\/11\/20181004_113727-495x400-1-300x242.jpg 300w\" sizes=\"auto, (max-width: 495px) 100vw, 495px\" \/><\/figure><div class=\"wp-block-media-text__content\">\n<p>Traditionell findet vor den Herbstferien unser <strong>Schulsportfest<\/strong> f\u00fcr die Klassenstufen 5-11 statt. Unterst\u00fctzt werden wir hierbei von der Klassenstufe 12 und allen Kollegen, die sowohl an den Stationen als auch als Betreuer t\u00e4tig sind. Es wird nicht nur um einzelne Bestleistungen gek\u00e4mpft, unser Schulsportfest steht immer im Blickpunkt des fairen sportlichen Miteinander.<\/p>\n<\/div><\/div>\n\n\n\n<p><br>In dem Projekt <strong>\u201eGesundes Leben\u201c<\/strong> am Ende des Schuljahres f\u00fcr die Klassenstufe 6 geht es nicht nur um die Bewegung selbst, sondern auch um gesunde Ern\u00e4hrung und den K\u00f6rper.<\/p>\n\n\n\n<p><br>Mit dem <strong>Weihnachtsvolleyball-Turnier<\/strong> am letzten Schultag vor den Weihnachtsferien l\u00e4uten wir die Ferien ein und lassen das Jahr sportlich ausklingen. Es treten Mannschaften verschiedener Altersstufen und auch Lehrermannschaften gegeneinander an.<\/p>\n\n\n\n<p><br>In dem <strong>GTA Calisthenics<\/strong> werden Fitness, Koordination, Beweglichkeit sowie sportartspezifische F\u00e4higkeiten\/Fertigkeiten ausgebildet.<\/p>\n\n\n\n<p><br><strong>Bewegung im Kollegium:<\/strong> Volleyball und Calisthenic<\/p>\n\n\n\n<h2 class=\"has-medium-font-size wp-block-heading\"><strong>Traditionen und Wettk\u00e4mpfe<\/strong><\/h2>\n\n\n\n<p>Eine sehr lange Tradition hat das <strong>Skilager<\/strong> der Klassenstufe 7, das wir nun seit mehr als 20 Jahren im Januar oder Februar des Schuljahres durchf\u00fchren. K\u00fcnftig geht es nach Aschau im Chiemgau-Kaiserwinkel. Hier k\u00f6nnen und sollen auch die sogenannten \u201eFlachlandtiroler\u201c die M\u00f6glichkeit vielf\u00e4ltiger Erfahrungen im Schnee erhalten und sich im Bereich alpine Abfahrt, Langlauf oder Snowboard erproben. Der Spa\u00df im Schnee kommt dabei nicht zu kurz.<\/p>\n\n\n\n<figure class=\"wp-block-gallery has-nested-images columns-default is-cropped wp-block-gallery-1 is-layout-flex wp-block-gallery-is-layout-flex\">\n<figure class=\"wp-block-image size-large\"><img loading=\"lazy\" decoding=\"async\" width=\"539\" height=\"355\" data-id=\"121\" src=\"https:\/\/www.gymnasium-schkeuditz.de\/wp-content\/uploads\/2022\/11\/sport_ski2.jpg\" alt=\"\" class=\"wp-image-121\" srcset=\"https:\/\/www.gymnasium-schkeuditz.de\/wp-content\/uploads\/2022\/11\/sport_ski2.jpg 539w, https:\/\/www.gymnasium-schkeuditz.de\/wp-content\/uploads\/2022\/11\/sport_ski2-300x198.jpg 300w\" sizes=\"auto, (max-width: 539px) 100vw, 539px\" \/><\/figure>\n\n\n\n<figure class=\"wp-block-image size-large\"><img loading=\"lazy\" decoding=\"async\" width=\"636\" height=\"358\" data-id=\"122\" src=\"https:\/\/www.gymnasium-schkeuditz.de\/wp-content\/uploads\/2022\/11\/Sport_ski1.jpg\" alt=\"\" class=\"wp-image-122\" srcset=\"https:\/\/www.gymnasium-schkeuditz.de\/wp-content\/uploads\/2022\/11\/Sport_ski1.jpg 636w, https:\/\/www.gymnasium-schkeuditz.de\/wp-content\/uploads\/2022\/11\/Sport_ski1-300x169.jpg 300w\" sizes=\"auto, (max-width: 636px) 100vw, 636px\" \/><\/figure>\n<\/figure>\n\n\n\n<div class=\"wp-block-media-text has-media-on-the-right is-stacked-on-mobile is-vertically-aligned-center\" style=\"grid-template-columns:auto 48%\"><div class=\"wp-block-media-text__content\">\n<p>Mit sehr gro\u00dfem Erfolg nahmen und nehmen wir am <strong>Leipzig-Marathon<\/strong> teil. Hier konnte unsere Schule schon sehr gro\u00dfe Erfolge feiern.<\/p>\n<\/div><figure class=\"wp-block-media-text__media\"><img loading=\"lazy\" decoding=\"async\" width=\"1024\" height=\"768\" src=\"https:\/\/www.gymnasium-schkeuditz.de\/wp-content\/uploads\/2022\/11\/DSC02461-1030x773-1-1024x768.jpg\" alt=\"\" class=\"wp-image-244 size-full\" srcset=\"https:\/\/www.gymnasium-schkeuditz.de\/wp-content\/uploads\/2022\/11\/DSC02461-1030x773-1-1024x768.jpg 1024w, https:\/\/www.gymnasium-schkeuditz.de\/wp-content\/uploads\/2022\/11\/DSC02461-1030x773-1-300x225.jpg 300w, https:\/\/www.gymnasium-schkeuditz.de\/wp-content\/uploads\/2022\/11\/DSC02461-1030x773-1-768x576.jpg 768w, https:\/\/www.gymnasium-schkeuditz.de\/wp-content\/uploads\/2022\/11\/DSC02461-1030x773-1.jpg 1030w\" sizes=\"auto, (max-width: 1024px) 100vw, 1024px\" \/><\/figure><\/div>\n\n\n\n<div class=\"wp-block-media-text is-stacked-on-mobile\" style=\"grid-template-columns:48% auto\"><figure class=\"wp-block-media-text__media\"><img loading=\"lazy\" decoding=\"async\" width=\"1024\" height=\"768\" src=\"https:\/\/www.gymnasium-schkeuditz.de\/wp-content\/uploads\/2022\/11\/Foto-16.05.19-11-31-08-e1561302372767-1500x1125-1-1024x768.jpg\" alt=\"\" class=\"wp-image-245 size-full\" srcset=\"https:\/\/www.gymnasium-schkeuditz.de\/wp-content\/uploads\/2022\/11\/Foto-16.05.19-11-31-08-e1561302372767-1500x1125-1-1024x768.jpg 1024w, https:\/\/www.gymnasium-schkeuditz.de\/wp-content\/uploads\/2022\/11\/Foto-16.05.19-11-31-08-e1561302372767-1500x1125-1-300x225.jpg 300w, https:\/\/www.gymnasium-schkeuditz.de\/wp-content\/uploads\/2022\/11\/Foto-16.05.19-11-31-08-e1561302372767-1500x1125-1-768x576.jpg 768w, https:\/\/www.gymnasium-schkeuditz.de\/wp-content\/uploads\/2022\/11\/Foto-16.05.19-11-31-08-e1561302372767-1500x1125-1.jpg 1500w\" sizes=\"auto, (max-width: 1024px) 100vw, 1024px\" \/><\/figure><div class=\"wp-block-media-text__content\">\n<p>Im Mittelpunkt des <strong>MITGAS Sch\u00fcler-Raftings<\/strong> im Kanupark Markkleeberg steht die Sport- und Jugendf\u00f6rderung im mitteldeutschen Raum. Die Veranstaltung, bei der Schul-Teams im Wildwasser-Rafting gegeneinander antreten, existiert seit dem Jahr 2009.<\/p>\n<\/div><\/div>\n","protected":false},"excerpt":{"rendered":"<p>\u201eSport frei\u201c am Maria-Merian-Gymnasium Schkeuditz Das Team der Fachschaft Sport Die Fachschaft Sport besteht derzeit aus 6 Sportlehrerinnen und Sportlehrern, die ihre Begeisterung f\u00fcr das Fach Sport mit viel Engagement an die Sch\u00fcler weitergeben wollen. Unterst\u00fctzt werden wir dabei auch von Referendaren, die ebenfalls mit vielen neuen Ideen zum sportlichen Leben beitragen. Wo wir arbeiten: Unsere Schule verf\u00fcgt \u00fcber gro\u00dfz\u00fcgige [&hellip;]<\/p>\n","protected":false},"author":3,"featured_media":0,"parent":0,"menu_order":0,"comment_status":"closed","ping_status":"closed","template":"","meta":{"footnotes":""},"class_list":["post-119","page","type-page","status-publish","hentry"],"_links":{"self":[{"href":"https:\/\/www.gymnasium-schkeuditz.de\/index.php?rest_route=\/wp\/v2\/pages\/119","targetHints":{"allow":["GET"]}}],"collection":[{"href":"https:\/\/www.gymnasium-schkeuditz.de\/index.php?rest_route=\/wp\/v2\/pages"}],"about":[{"href":"https:\/\/www.gymnasium-schkeuditz.de\/index.php?rest_route=\/wp\/v2\/types\/page"}],"author":[{"embeddable":true,"href":"https:\/\/www.gymnasium-schkeuditz.de\/index.php?rest_route=\/wp\/v2\/users\/3"}],"replies":[{"embeddable":true,"href":"https:\/\/www.gymnasium-schkeuditz.de\/index.php?rest_route=%2Fwp%2Fv2%2Fcomments&post=119"}],"version-history":[{"count":12,"href":"https:\/\/www.gymnasium-schkeuditz.de\/index.php?rest_route=\/wp\/v2\/pages\/119\/revisions"}],"predecessor-version":[{"id":11654,"href":"https:\/\/www.gymnasium-schkeuditz.de\/index.php?rest_route=\/wp\/v2\/pages\/119\/revisions\/11654"}],"wp:attachment":[{"href":"https:\/\/www.gymnasium-schkeuditz.de\/index.php?rest_route=%2Fwp%2Fv2%2Fmedia&parent=119"}],"curies":[{"name":"wp","href":"https:\/\/api.w.org\/{rel}","templated":true}]}}