{"id":11241,"date":"2011-10-26T13:12:01","date_gmt":"2011-10-26T11:12:01","guid":{"rendered":"http:\/\/www.gymnasium-schkeuditz.de\/schkeuditz\/?page_id=292"},"modified":"2025-09-30T22:13:54","modified_gmt":"2025-09-30T20:13:54","slug":"kontaktformular","status":"publish","type":"page","link":"https:\/\/www.gymnasium-schkeuditz.de\/?page_id=11241","title":{"rendered":"Kontakt"},"content":{"rendered":"\n<p>Vorsitzender: M. K\u00fcbler<\/p>\n\n\n\n<p>Stellvertretender Vorsitzender : M. Abel<\/p>\n\n\n\n<p>Kassenwart: &nbsp;D. Hagen<\/p>\n\n\n\n<p>Schriftf\u00fchrer: S. Krebs<\/p>\n\n\n\n<p>Beisitzer: \u00a0D. Kastner, D. Krause, V. Stecker, V. M\u00f6ritz<\/p>\n\n\n\n<h5 class=\"wp-block-heading\">Postanschrift:<\/h5>\n\n\n\n<p>F\u00f6rderverein Maria-Merian-Gymnasium Schkeuditz e.V.&nbsp;<br>Lessingstra\u00dfe 10<br>04435 Schkeuditz<\/p>\n\n\n\n<hr class=\"wp-block-separator has-alpha-channel-opacity is-style-dots\" \/>\n\n\n\n<p>Vereinsregister Nr. 30796<\/p>\n\n\n\n<p>Amtsgericht Leipzig<\/p>\n\n\n\n<hr class=\"wp-block-separator has-alpha-channel-opacity is-style-dots\" \/>\n\n\n\n<p>E-Mail: foerderverein[at]gymnasium-schkeuditz.de<\/p>\n\n\n\n<hr class=\"wp-block-separator has-alpha-channel-opacity is-style-dots\" \/>\n\n\n\n<h5 class=\"wp-block-heading\">Bankverbindung:<\/h5>\n\n\n\n<div class=\"wp-block-group is-vertical is-layout-flex wp-container-core-group-is-layout-8cf370e7 wp-block-group-is-layout-flex\">\n<p>Sparkasse Leipzig<br>IBAN: DE98 8605 5592 1100 2207 51   <\/p>\n\n\n\n<p><\/p>\n<\/div>\n","protected":false},"excerpt":{"rendered":"<p>Vorsitzender: M. K\u00fcbler Stellvertretender Vorsitzender : M. Abel Kassenwart: &nbsp;D. Hagen Schriftf\u00fchrer: S. Krebs Beisitzer: \u00a0D. Kastner, D. Krause, V. Stecker, V. M\u00f6ritz Postanschrift: F\u00f6rderverein Maria-Merian-Gymnasium Schkeuditz e.V.&nbsp;Lessingstra\u00dfe 1004435 Schkeuditz Vereinsregister Nr. 30796 Amtsgericht Leipzig E-Mail: foerderverein[at]gymnasium-schkeuditz.de Bankverbindung: Sparkasse LeipzigIBAN: DE98 8605 5592 1100 2207 51<\/p>\n","protected":false},"author":6,"featured_media":0,"parent":97,"menu_order":5,"comment_status":"closed","ping_status":"closed","template":"","meta":{"footnotes":""},"class_list":["post-11241","page","type-page","status-publish","hentry"],"_links":{"self":[{"href":"https:\/\/www.gymnasium-schkeuditz.de\/index.php?rest_route=\/wp\/v2\/pages\/11241","targetHints":{"allow":["GET"]}}],"collection":[{"href":"https:\/\/www.gymnasium-schkeuditz.de\/index.php?rest_route=\/wp\/v2\/pages"}],"about":[{"href":"https:\/\/www.gymnasium-schkeuditz.de\/index.php?rest_route=\/wp\/v2\/types\/page"}],"author":[{"embeddable":true,"href":"https:\/\/www.gymnasium-schkeuditz.de\/index.php?rest_route=\/wp\/v2\/users\/6"}],"replies":[{"embeddable":true,"href":"https:\/\/www.gymnasium-schkeuditz.de\/index.php?rest_route=%2Fwp%2Fv2%2Fcomments&post=11241"}],"version-history":[{"count":12,"href":"https:\/\/www.gymnasium-schkeuditz.de\/index.php?rest_route=\/wp\/v2\/pages\/11241\/revisions"}],"predecessor-version":[{"id":13049,"href":"https:\/\/www.gymnasium-schkeuditz.de\/index.php?rest_route=\/wp\/v2\/pages\/11241\/revisions\/13049"}],"up":[{"embeddable":true,"href":"https:\/\/www.gymnasium-schkeuditz.de\/index.php?rest_route=\/wp\/v2\/pages\/97"}],"wp:attachment":[{"href":"https:\/\/www.gymnasium-schkeuditz.de\/index.php?rest_route=%2Fwp%2Fv2%2Fmedia&parent=11241"}],"curies":[{"name":"wp","href":"https:\/\/api.w.org\/{rel}","templated":true}]}}